{"id":108970,"date":"2025-07-02T22:07:25","date_gmt":"2025-07-02T20:07:25","guid":{"rendered":"https:\/\/www.lobeco.de\/?page_id=108970"},"modified":"2025-07-03T11:08:36","modified_gmt":"2025-07-03T09:08:36","slug":"social-5","status":"publish","type":"page","link":"https:\/\/www.lobeco.de\/en\/social-5\/","title":{"rendered":"Social"},"content":{"rendered":"\t\t<div data-elementor-type=\"wp-page\" data-elementor-id=\"108970\" class=\"elementor elementor-108970 elementor-108969\" data-elementor-post-type=\"page\">\n\t\t\t\t\t\t<section class=\"elementor-section elementor-top-section elementor-element elementor-element-f187811 elementor-reverse-tablet elementor-reverse-mobile elementor-section-height-full elementor-section-items-stretch elementor-section-boxed elementor-section-height-default\" data-id=\"f187811\" data-element_type=\"section\" data-e-type=\"section\" data-settings=\"{&quot;background_background&quot;:&quot;classic&quot;}\">\n\t\t\t\t\t\t<div class=\"elementor-container elementor-column-gap-wider\">\n\t\t\t\t\t<div class=\"elementor-column elementor-col-100 elementor-top-column elementor-element elementor-element-c59d4bc\" data-id=\"c59d4bc\" data-element_type=\"column\" data-e-type=\"column\">\n\t\t\t<div class=\"elementor-widget-wrap\">\n\t\t\t\t\t\t\t<\/div>\n\t\t<\/div>\n\t\t\t\t\t<\/div>\n\t\t<\/section>\n\t\t\t\t<section class=\"elementor-section elementor-top-section elementor-element elementor-element-5f918b4 elementor-section-boxed elementor-section-height-default elementor-section-height-default\" data-id=\"5f918b4\" data-element_type=\"section\" data-e-type=\"section\" data-settings=\"{&quot;background_background&quot;:&quot;classic&quot;}\">\n\t\t\t\t\t\t<div class=\"elementor-container elementor-column-gap-wider\">\n\t\t\t\t\t<div class=\"elementor-column elementor-col-50 elementor-top-column elementor-element elementor-element-caeb6ce\" data-id=\"caeb6ce\" data-element_type=\"column\" data-e-type=\"column\">\n\t\t\t<div class=\"elementor-widget-wrap elementor-element-populated\">\n\t\t\t\t\t\t<div class=\"elementor-element elementor-element-720509c icon-position-mobile-top content-align-left icon-box-vertical-align-top icon-position-left icon-vertical-align-start elementor-widget elementor-widget-the7_icon_box_grid_widget\" data-id=\"720509c\" data-element_type=\"widget\" data-e-type=\"widget\" data-widget_type=\"the7_icon_box_grid_widget.default\">\n\t\t\t\t<div class=\"elementor-widget-container\">\n\t\t\t\t\t<div class=\"the7-box-grid-wrapper the7-elementor-widget loading-effect-none the7_icon_box_grid_widget-720509c\">\t\t\t<div class=\"dt-css-grid\">\n\t\t\t\t\t\t\t\t\t<div class=\"wf-cell shown\">\n\t\t\t\t\t\t<div class=\"the7-icon-box-grid\">\t\t\t\t\t\t\t<div class=\"box-content-wrapper\">\n\t\t\t\t\t\t\t\t\t\t\t\t\t\t\t\t<div class=\"box-content\">\n\t\t\t\t\t\t\t\t\t\t\t\t\t\t\t\t\t\t\t\t\t\t\t\t\t\t\t\t\t<h4 class=\"box-heading\">\n\t\t\t\t\t\t\t\t\t\t\t<a aria-label=\"Datum\">\t\t\t\t\t\t\t\t\t\t\t\tDatum\t\t\t\t\t\t\t\t\t\t\t<\/a>\t\t\t\t\t\t\t\t\t\t<\/h4>\n\t\t\t\t\t\t\t\t\t\t\t\t\t\t\t\t\t\t\t\t\t\t\t\t\t\t\t\t<div class=\"box-description\">Freitag, 26. September 2025<\/div>\n\t\t\t\t\t\t\t\t\t\t\t\t\t\t\t\t\t\t\t\t\t\t\t\t\t\t<\/div>\n\t\t\t\t\t\t\t<\/div>\n\t\t\t\t\t\t<\/div>\t\t\t\t\t<\/div>\n\t\t\t\t\t\t\t\t\t<div class=\"wf-cell shown\">\n\t\t\t\t\t\t<div class=\"the7-icon-box-grid\">\t\t\t\t\t\t\t<div class=\"box-content-wrapper\">\n\t\t\t\t\t\t\t\t\t\t\t\t\t\t\t\t<div class=\"box-content\">\n\t\t\t\t\t\t\t\t\t\t\t\t\t\t\t\t\t\t\t\t\t\t\t\t\t\t\t\t\t<h4 class=\"box-heading\">\n\t\t\t\t\t\t\t\t\t\t\t<a aria-label=\"Adressen\">\t\t\t\t\t\t\t\t\t\t\t\tAdressen\t\t\t\t\t\t\t\t\t\t\t<\/a>\t\t\t\t\t\t\t\t\t\t<\/h4>\n\t\t\t\t\t\t\t\t\t\t\t\t\t\t\t\t\t\t\t\t\t\t\t\t\t\t\t\t<div class=\"box-description\">15:00 Uhr: Data by Day<\/br>\n<b>LOBECO M\u00fcnchen<\/b><\/br>\nMies-van-der-Rohe-Strasse 1<\/br>\n80807 M\u00fcnchen<\/br><\/br>\n18:00 Uhr: Wiesn by Night**<\/br>\n<b>M\u00fcnchner Stubn Festzelt<\/b><\/br>\nWirtsbudenstrasse 26<\/br>\n80336 M\u00fcnchen<\/br><\/br><\/div>\n\t\t\t\t\t\t\t\t\t\t\t\t\t\t\t\t\t\t\t\t\t\t\t\t\t\t<\/div>\n\t\t\t\t\t\t\t<\/div>\n\t\t\t\t\t\t<\/div>\t\t\t\t\t<\/div>\n\t\t\t\t\t\t\t<\/div>\n\t\t<\/div>\t\t\t\t<\/div>\n\t\t\t\t<\/div>\n\t\t\t\t<div class=\"elementor-element elementor-element-8e4f9dc elementor-widget elementor-widget-text-editor\" data-id=\"8e4f9dc\" data-element_type=\"widget\" data-e-type=\"widget\" data-widget_type=\"text-editor.default\">\n\t\t\t\t<div class=\"elementor-widget-container\">\n\t\t\t\t\t\t\t\t\t<p>**<span data-teams=\"true\">F\u00fcr alle Teilnehmenden am Nachmittag wird es einen Shuttle-Service zur Theresienwiese geben<\/span><span data-teams=\"true\">.<\/span><\/p>\t\t\t\t\t\t\t\t<\/div>\n\t\t\t\t<\/div>\n\t\t\t\t\t<\/div>\n\t\t<\/div>\n\t\t\t\t<div class=\"elementor-column elementor-col-50 elementor-top-column elementor-element elementor-element-aacfcb8\" data-id=\"aacfcb8\" data-element_type=\"column\" data-e-type=\"column\">\n\t\t\t<div class=\"elementor-widget-wrap elementor-element-populated\">\n\t\t\t\t\t\t<div class=\"elementor-element elementor-element-828c6d7 elementor-widget elementor-widget-heading\" data-id=\"828c6d7\" data-element_type=\"widget\" data-e-type=\"widget\" data-widget_type=\"heading.default\">\n\t\t\t\t<div class=\"elementor-widget-container\">\n\t\t\t\t\t<h3 class=\"elementor-heading-title elementor-size-default\">Einladung zum M\u00fcnchner Oktoberfest<\/h3>\t\t\t\t<\/div>\n\t\t\t\t<\/div>\n\t\t\t\t<div class=\"elementor-element elementor-element-19673b5 elementor-widget elementor-widget-heading\" data-id=\"19673b5\" data-element_type=\"widget\" data-e-type=\"widget\" data-widget_type=\"heading.default\">\n\t\t\t\t<div class=\"elementor-widget-container\">\n\t\t\t\t\t<h3 class=\"elementor-heading-title elementor-size-default\">Anmeldung*<\/h3>\t\t\t\t<\/div>\n\t\t\t\t<\/div>\n\t\t\t\t<div class=\"elementor-element elementor-element-a262c43 elementor-button-align-stretch elementor-widget elementor-widget-form\" data-id=\"a262c43\" data-element_type=\"widget\" data-e-type=\"widget\" data-settings=\"{&quot;step_next_label&quot;:&quot;N\\u00e4chster&quot;,&quot;step_previous_label&quot;:&quot;Vorheriger&quot;,&quot;button_width&quot;:&quot;33&quot;,&quot;step_type&quot;:&quot;number_text&quot;,&quot;step_icon_shape&quot;:&quot;circle&quot;}\" data-widget_type=\"form.default\">\n\t\t\t\t<div class=\"elementor-widget-container\">\n\t\t\t\t\t\t\t<form class=\"elementor-form\" method=\"post\" id=\"wiesn25\" name=\"Weihnachtsfeier\" aria-label=\"Weihnachtsfeier\">\n\t\t\t<input type=\"hidden\" name=\"post_id\" value=\"108970\"\/>\n\t\t\t<input type=\"hidden\" name=\"form_id\" value=\"a262c43\"\/>\n\t\t\t<input type=\"hidden\" name=\"referer_title\" value=\"Social - LOBECO\" \/>\n\n\t\t\t\t\t\t\t<input type=\"hidden\" name=\"queried_id\" value=\"108970\"\/>\n\t\t\t\n\t\t\t<div class=\"elementor-form-fields-wrapper elementor-labels-above\">\n\t\t\t\t\t\t\t\t<div class=\"elementor-field-type-text elementor-field-group elementor-column elementor-field-group-name elementor-col-50 elementor-field-required elementor-mark-required\">\n\t\t\t\t\t\t\t\t\t\t\t\t<label for=\"form-field-name\" class=\"elementor-field-label\">\n\t\t\t\t\t\t\t\tName\t\t\t\t\t\t\t<\/label>\n\t\t\t\t\t\t\t\t\t\t\t\t\t\t<input size=\"1\" type=\"text\" name=\"form_fields[name]\" id=\"form-field-name\" class=\"elementor-field elementor-size-md  elementor-field-textual\" required=\"required\">\n\t\t\t\t\t\t\t\t\t\t\t<\/div>\n\t\t\t\t\t\t\t\t<div class=\"elementor-field-type-text elementor-field-group elementor-column elementor-field-group-field_93e7a86 elementor-col-50 elementor-field-required elementor-mark-required\">\n\t\t\t\t\t\t\t\t\t\t\t\t<label for=\"form-field-field_93e7a86\" class=\"elementor-field-label\">\n\t\t\t\t\t\t\t\tFirma\t\t\t\t\t\t\t<\/label>\n\t\t\t\t\t\t\t\t\t\t\t\t\t\t<input size=\"1\" type=\"text\" name=\"form_fields[field_93e7a86]\" id=\"form-field-field_93e7a86\" class=\"elementor-field elementor-size-md  elementor-field-textual\" required=\"required\">\n\t\t\t\t\t\t\t\t\t\t\t<\/div>\n\t\t\t\t\t\t\t\t<div class=\"elementor-field-type-email elementor-field-group elementor-column elementor-field-group-email elementor-col-50 elementor-field-required elementor-mark-required\">\n\t\t\t\t\t\t\t\t\t\t\t\t<label for=\"form-field-email\" class=\"elementor-field-label\">\n\t\t\t\t\t\t\t\tEmail\t\t\t\t\t\t\t<\/label>\n\t\t\t\t\t\t\t\t\t\t\t\t\t\t<input size=\"1\" type=\"email\" name=\"form_fields[email]\" id=\"form-field-email\" class=\"elementor-field elementor-size-md  elementor-field-textual\" required=\"required\">\n\t\t\t\t\t\t\t\t\t\t\t<\/div>\n\t\t\t\t\t\t\t\t<div class=\"elementor-field-type-text elementor-field-group elementor-column elementor-field-group-field_3ce9dad elementor-col-50\">\n\t\t\t\t\t\t\t\t\t\t\t\t<label for=\"form-field-field_3ce9dad\" class=\"elementor-field-label\">\n\t\t\t\t\t\t\t\tTelefonnummer\t\t\t\t\t\t\t<\/label>\n\t\t\t\t\t\t\t\t\t\t\t\t\t\t<input size=\"1\" type=\"text\" name=\"form_fields[field_3ce9dad]\" id=\"form-field-field_3ce9dad\" class=\"elementor-field elementor-size-md  elementor-field-textual\">\n\t\t\t\t\t\t\t\t\t\t\t<\/div>\n\t\t\t\t\t\t\t\t<div class=\"elementor-field-type-radio elementor-field-group elementor-column elementor-field-group-field_76c7f3f elementor-col-100\">\n\t\t\t\t\t\t\t\t\t\t\t\t<label for=\"form-field-field_76c7f3f\" class=\"elementor-field-label\">\n\t\t\t\t\t\t\t\tTeilnahme \"Data by Day\"\t\t\t\t\t\t\t<\/label>\n\t\t\t\t\t\t<div class=\"elementor-field-subgroup  \"><span class=\"elementor-field-option\"><input type=\"radio\" value=\"Ja\" id=\"form-field-field_76c7f3f-0\" name=\"form_fields[field_76c7f3f]\"> <label for=\"form-field-field_76c7f3f-0\">Ja<\/label><\/span><span class=\"elementor-field-option\"><input type=\"radio\" value=\"Nein\" id=\"form-field-field_76c7f3f-1\" name=\"form_fields[field_76c7f3f]\"> <label for=\"form-field-field_76c7f3f-1\">Nein<\/label><\/span><\/div>\t\t\t\t<\/div>\n\t\t\t\t\t\t\t\t<div class=\"elementor-field-type-radio elementor-field-group elementor-column elementor-field-group-field_3bec352 elementor-col-100\">\n\t\t\t\t\t\t\t\t\t\t\t\t<label for=\"form-field-field_3bec352\" class=\"elementor-field-label\">\n\t\t\t\t\t\t\t\tTeilnahme \"Wiesn by Night\"\t\t\t\t\t\t\t<\/label>\n\t\t\t\t\t\t<div class=\"elementor-field-subgroup  \"><span class=\"elementor-field-option\"><input type=\"radio\" value=\"Ja\" id=\"form-field-field_3bec352-0\" name=\"form_fields[field_3bec352]\"> <label for=\"form-field-field_3bec352-0\">Ja<\/label><\/span><span class=\"elementor-field-option\"><input type=\"radio\" value=\"Nein\" id=\"form-field-field_3bec352-1\" name=\"form_fields[field_3bec352]\"> <label for=\"form-field-field_3bec352-1\">Nein<\/label><\/span><\/div>\t\t\t\t<\/div>\n\t\t\t\t\t\t\t\t<div class=\"elementor-field-type-textarea elementor-field-group elementor-column elementor-field-group-message elementor-col-100\">\n\t\t\t\t\t\t\t\t\t\t\t\t<label for=\"form-field-message\" class=\"elementor-field-label\">\n\t\t\t\t\t\t\t\tAnmerkung\t\t\t\t\t\t\t<\/label>\n\t\t\t\t\t\t<textarea class=\"elementor-field-textual elementor-field  elementor-size-md\" name=\"form_fields[message]\" id=\"form-field-message\" rows=\"2\"><\/textarea>\t\t\t\t<\/div>\n\t\t\t\t\t\t\t\t<div class=\"elementor-field-group elementor-column elementor-field-type-submit elementor-col-33 e-form__buttons\">\n\t\t\t\t\t<button class=\"elementor-button elementor-size-lg\" type=\"submit\">\n\t\t\t\t\t\t<span class=\"elementor-button-content-wrapper\">\n\t\t\t\t\t\t\t\t\t\t\t\t\t\t\t\t\t\t\t\t\t\t<span class=\"elementor-button-text\">ABSCHICKEN<\/span>\n\t\t\t\t\t\t\t\t\t\t\t\t\t<\/span>\n\t\t\t\t\t<\/button>\n\t\t\t\t<\/div>\n\t\t\t<\/div>\n\t\t<\/form>\n\t\t\t\t\t\t<\/div>\n\t\t\t\t<\/div>\n\t\t\t\t<div class=\"elementor-element elementor-element-49301a4 elementor-widget elementor-widget-text-editor\" data-id=\"49301a4\" data-element_type=\"widget\" data-e-type=\"widget\" data-widget_type=\"text-editor.default\">\n\t\t\t\t<div class=\"elementor-widget-container\">\n\t\t\t\t\t\t\t\t\t<p>*<span data-teams=\"true\">Die Zahl der Pl\u00e4tze ist limitiert.<\/span><\/p>\t\t\t\t\t\t\t\t<\/div>\n\t\t\t\t<\/div>\n\t\t\t\t\t<\/div>\n\t\t<\/div>\n\t\t\t\t\t<\/div>\n\t\t<\/section>\n\t\t\t\t<\/div>\n\t\t","protected":false},"excerpt":{"rendered":"<p>Datum Freitag, 26. September 2025 Adressen 15:00 Uhr: Data by Day LOBECO M\u00fcnchen Mies-van-der-Rohe-Strasse 1 80807 M\u00fcnchen 18:00 Uhr: Wiesn by Night** M\u00fcnchner Stubn Festzelt Wirtsbudenstrasse 26 80336 M\u00fcnchen **F\u00fcr alle Teilnehmenden am Nachmittag wird es einen Shuttle-Service zur Theresienwiese geben. Einladung zum M\u00fcnchner Oktoberfest Anmeldung* *Die Zahl der Pl\u00e4tze ist limitiert.<\/p>\n","protected":false},"author":1,"featured_media":109042,"parent":0,"menu_order":6,"comment_status":"closed","ping_status":"closed","template":"elementor_header_footer","meta":{"footnotes":"","_links_to":"","_links_to_target":""},"class_list":["post-108970","page","type-page","status-publish","has-post-thumbnail","hentry"],"yoast_head":"<!-- This site is optimized with the Yoast SEO Premium plugin v27.3 (Yoast SEO v27.3) - https:\/\/yoast.com\/product\/yoast-seo-premium-wordpress\/ -->\n<title>Social - LOBECO<\/title>\n<meta name=\"robots\" content=\"index, follow, max-snippet:-1, max-image-preview:large, max-video-preview:-1\" \/>\n<link rel=\"canonical\" href=\"https:\/\/www.lobeco.de\/en\/social-5\/\" \/>\n<meta property=\"og:locale\" content=\"en_US\" \/>\n<meta property=\"og:type\" content=\"article\" \/>\n<meta property=\"og:title\" content=\"Social\" \/>\n<meta property=\"og:description\" content=\"Datum Freitag, 26. September 2025 Adressen 15:00 Uhr: Data by Day LOBECO M\u00fcnchen Mies-van-der-Rohe-Strasse 1 80807 M\u00fcnchen 18:00 Uhr: Wiesn by Night** M\u00fcnchner Stubn Festzelt Wirtsbudenstrasse 26 80336 M\u00fcnchen **F\u00fcr alle Teilnehmenden am Nachmittag wird es einen Shuttle-Service zur Theresienwiese geben. Einladung zum M\u00fcnchner Oktoberfest Anmeldung* *Die Zahl der Pl\u00e4tze ist limitiert.\" \/>\n<meta property=\"og:url\" content=\"https:\/\/www.lobeco.de\/en\/social-5\/\" \/>\n<meta property=\"og:site_name\" content=\"LOBECO\" \/>\n<meta property=\"article:publisher\" content=\"https:\/\/www.facebook.com\/LOBECO\" \/>\n<meta property=\"article:modified_time\" content=\"2025-07-03T09:08:36+00:00\" \/>\n<meta property=\"og:image\" content=\"https:\/\/www.lobeco.de\/wp-content\/uploads\/2025\/07\/Data_Wiesn_V4-1.jpg\" \/>\n\t<meta property=\"og:image:width\" content=\"800\" \/>\n\t<meta property=\"og:image:height\" content=\"450\" \/>\n\t<meta property=\"og:image:type\" content=\"image\/jpeg\" \/>\n<meta name=\"twitter:card\" content=\"summary_large_image\" \/>\n<meta name=\"twitter:site\" content=\"@LOBECO_GmbH\" \/>\n<script type=\"application\/ld+json\" class=\"yoast-schema-graph\">{\"@context\":\"https:\\\/\\\/schema.org\",\"@graph\":[{\"@type\":\"WebPage\",\"@id\":\"https:\\\/\\\/www.lobeco.de\\\/en\\\/social-5\\\/\",\"url\":\"https:\\\/\\\/www.lobeco.de\\\/en\\\/social-5\\\/\",\"name\":\"Social - LOBECO\",\"isPartOf\":{\"@id\":\"https:\\\/\\\/www.lobeco.de\\\/en\\\/#website\"},\"primaryImageOfPage\":{\"@id\":\"https:\\\/\\\/www.lobeco.de\\\/en\\\/social-5\\\/#primaryimage\"},\"image\":{\"@id\":\"https:\\\/\\\/www.lobeco.de\\\/en\\\/social-5\\\/#primaryimage\"},\"thumbnailUrl\":\"https:\\\/\\\/www.lobeco.de\\\/wp-content\\\/uploads\\\/2025\\\/07\\\/Data_Wiesn_V4-1.jpg\",\"datePublished\":\"2025-07-02T20:07:25+00:00\",\"dateModified\":\"2025-07-03T09:08:36+00:00\",\"breadcrumb\":{\"@id\":\"https:\\\/\\\/www.lobeco.de\\\/en\\\/social-5\\\/#breadcrumb\"},\"inLanguage\":\"en-US\",\"potentialAction\":[{\"@type\":\"ReadAction\",\"target\":[\"https:\\\/\\\/www.lobeco.de\\\/en\\\/social-5\\\/\"]}]},{\"@type\":\"ImageObject\",\"inLanguage\":\"en-US\",\"@id\":\"https:\\\/\\\/www.lobeco.de\\\/en\\\/social-5\\\/#primaryimage\",\"url\":\"https:\\\/\\\/www.lobeco.de\\\/wp-content\\\/uploads\\\/2025\\\/07\\\/Data_Wiesn_V4-1.jpg\",\"contentUrl\":\"https:\\\/\\\/www.lobeco.de\\\/wp-content\\\/uploads\\\/2025\\\/07\\\/Data_Wiesn_V4-1.jpg\",\"width\":800,\"height\":450},{\"@type\":\"BreadcrumbList\",\"@id\":\"https:\\\/\\\/www.lobeco.de\\\/en\\\/social-5\\\/#breadcrumb\",\"itemListElement\":[{\"@type\":\"ListItem\",\"position\":1,\"name\":\"Startseite\",\"item\":\"https:\\\/\\\/www.lobeco.de\\\/en\\\/\"},{\"@type\":\"ListItem\",\"position\":2,\"name\":\"Social\"}]},{\"@type\":\"WebSite\",\"@id\":\"https:\\\/\\\/www.lobeco.de\\\/en\\\/#website\",\"url\":\"https:\\\/\\\/www.lobeco.de\\\/en\\\/\",\"name\":\"LOBECO\",\"description\":\"Social Media &amp; Digital Strategies\",\"publisher\":{\"@id\":\"https:\\\/\\\/www.lobeco.de\\\/en\\\/#organization\"},\"potentialAction\":[{\"@type\":\"SearchAction\",\"target\":{\"@type\":\"EntryPoint\",\"urlTemplate\":\"https:\\\/\\\/www.lobeco.de\\\/en\\\/?s={search_term_string}\"},\"query-input\":{\"@type\":\"PropertyValueSpecification\",\"valueRequired\":true,\"valueName\":\"search_term_string\"}}],\"inLanguage\":\"en-US\"},{\"@type\":\"Organization\",\"@id\":\"https:\\\/\\\/www.lobeco.de\\\/en\\\/#organization\",\"name\":\"LOBECO\",\"url\":\"https:\\\/\\\/www.lobeco.de\\\/en\\\/\",\"logo\":{\"@type\":\"ImageObject\",\"inLanguage\":\"en-US\",\"@id\":\"https:\\\/\\\/www.lobeco.de\\\/en\\\/#\\\/schema\\\/logo\\\/image\\\/\",\"url\":\"https:\\\/\\\/www.lobeco.de\\\/wp-content\\\/uploads\\\/2024\\\/04\\\/LOBECO_LOGO_Digital_Outline.png\",\"contentUrl\":\"https:\\\/\\\/www.lobeco.de\\\/wp-content\\\/uploads\\\/2024\\\/04\\\/LOBECO_LOGO_Digital_Outline.png\",\"width\":2000,\"height\":857,\"caption\":\"LOBECO\"},\"image\":{\"@id\":\"https:\\\/\\\/www.lobeco.de\\\/en\\\/#\\\/schema\\\/logo\\\/image\\\/\"},\"sameAs\":[\"https:\\\/\\\/www.facebook.com\\\/LOBECO\",\"https:\\\/\\\/x.com\\\/LOBECO_GmbH\",\"https:\\\/\\\/www.linkedin.com\\\/company\\\/lobeco-gmbh\",\"https:\\\/\\\/www.instagram.com\\\/lobeco_gmbh\\\/\",\"https:\\\/\\\/www.youtube.com\\\/channel\\\/UCA7_Wr9QUXPPdLv7cXI8d-w\",\"https:\\\/\\\/www.tiktok.com\\\/@lobeco_de\"]}]}<\/script>\n<!-- \/ Yoast SEO Premium plugin. -->","yoast_head_json":{"title":"Social - LOBECO","robots":{"index":"index","follow":"follow","max-snippet":"max-snippet:-1","max-image-preview":"max-image-preview:large","max-video-preview":"max-video-preview:-1"},"canonical":"https:\/\/www.lobeco.de\/en\/social-5\/","og_locale":"en_US","og_type":"article","og_title":"Social","og_description":"Datum Freitag, 26. September 2025 Adressen 15:00 Uhr: Data by Day LOBECO M\u00fcnchen Mies-van-der-Rohe-Strasse 1 80807 M\u00fcnchen 18:00 Uhr: Wiesn by Night** M\u00fcnchner Stubn Festzelt Wirtsbudenstrasse 26 80336 M\u00fcnchen **F\u00fcr alle Teilnehmenden am Nachmittag wird es einen Shuttle-Service zur Theresienwiese geben. Einladung zum M\u00fcnchner Oktoberfest Anmeldung* *Die Zahl der Pl\u00e4tze ist limitiert.","og_url":"https:\/\/www.lobeco.de\/en\/social-5\/","og_site_name":"LOBECO","article_publisher":"https:\/\/www.facebook.com\/LOBECO","article_modified_time":"2025-07-03T09:08:36+00:00","og_image":[{"width":800,"height":450,"url":"https:\/\/www.lobeco.de\/wp-content\/uploads\/2025\/07\/Data_Wiesn_V4-1.jpg","type":"image\/jpeg"}],"twitter_card":"summary_large_image","twitter_site":"@LOBECO_GmbH","schema":{"@context":"https:\/\/schema.org","@graph":[{"@type":"WebPage","@id":"https:\/\/www.lobeco.de\/en\/social-5\/","url":"https:\/\/www.lobeco.de\/en\/social-5\/","name":"Social - LOBECO","isPartOf":{"@id":"https:\/\/www.lobeco.de\/en\/#website"},"primaryImageOfPage":{"@id":"https:\/\/www.lobeco.de\/en\/social-5\/#primaryimage"},"image":{"@id":"https:\/\/www.lobeco.de\/en\/social-5\/#primaryimage"},"thumbnailUrl":"https:\/\/www.lobeco.de\/wp-content\/uploads\/2025\/07\/Data_Wiesn_V4-1.jpg","datePublished":"2025-07-02T20:07:25+00:00","dateModified":"2025-07-03T09:08:36+00:00","breadcrumb":{"@id":"https:\/\/www.lobeco.de\/en\/social-5\/#breadcrumb"},"inLanguage":"en-US","potentialAction":[{"@type":"ReadAction","target":["https:\/\/www.lobeco.de\/en\/social-5\/"]}]},{"@type":"ImageObject","inLanguage":"en-US","@id":"https:\/\/www.lobeco.de\/en\/social-5\/#primaryimage","url":"https:\/\/www.lobeco.de\/wp-content\/uploads\/2025\/07\/Data_Wiesn_V4-1.jpg","contentUrl":"https:\/\/www.lobeco.de\/wp-content\/uploads\/2025\/07\/Data_Wiesn_V4-1.jpg","width":800,"height":450},{"@type":"BreadcrumbList","@id":"https:\/\/www.lobeco.de\/en\/social-5\/#breadcrumb","itemListElement":[{"@type":"ListItem","position":1,"name":"Startseite","item":"https:\/\/www.lobeco.de\/en\/"},{"@type":"ListItem","position":2,"name":"Social"}]},{"@type":"WebSite","@id":"https:\/\/www.lobeco.de\/en\/#website","url":"https:\/\/www.lobeco.de\/en\/","name":"LOBECO","description":"Social Media &amp; Digital Strategies","publisher":{"@id":"https:\/\/www.lobeco.de\/en\/#organization"},"potentialAction":[{"@type":"SearchAction","target":{"@type":"EntryPoint","urlTemplate":"https:\/\/www.lobeco.de\/en\/?s={search_term_string}"},"query-input":{"@type":"PropertyValueSpecification","valueRequired":true,"valueName":"search_term_string"}}],"inLanguage":"en-US"},{"@type":"Organization","@id":"https:\/\/www.lobeco.de\/en\/#organization","name":"LOBECO","url":"https:\/\/www.lobeco.de\/en\/","logo":{"@type":"ImageObject","inLanguage":"en-US","@id":"https:\/\/www.lobeco.de\/en\/#\/schema\/logo\/image\/","url":"https:\/\/www.lobeco.de\/wp-content\/uploads\/2024\/04\/LOBECO_LOGO_Digital_Outline.png","contentUrl":"https:\/\/www.lobeco.de\/wp-content\/uploads\/2024\/04\/LOBECO_LOGO_Digital_Outline.png","width":2000,"height":857,"caption":"LOBECO"},"image":{"@id":"https:\/\/www.lobeco.de\/en\/#\/schema\/logo\/image\/"},"sameAs":["https:\/\/www.facebook.com\/LOBECO","https:\/\/x.com\/LOBECO_GmbH","https:\/\/www.linkedin.com\/company\/lobeco-gmbh","https:\/\/www.instagram.com\/lobeco_gmbh\/","https:\/\/www.youtube.com\/channel\/UCA7_Wr9QUXPPdLv7cXI8d-w","https:\/\/www.tiktok.com\/@lobeco_de"]}]}},"_links":{"self":[{"href":"https:\/\/www.lobeco.de\/en\/wp-json\/wp\/v2\/pages\/108970","targetHints":{"allow":["GET"]}}],"collection":[{"href":"https:\/\/www.lobeco.de\/en\/wp-json\/wp\/v2\/pages"}],"about":[{"href":"https:\/\/www.lobeco.de\/en\/wp-json\/wp\/v2\/types\/page"}],"author":[{"embeddable":true,"href":"https:\/\/www.lobeco.de\/en\/wp-json\/wp\/v2\/users\/1"}],"replies":[{"embeddable":true,"href":"https:\/\/www.lobeco.de\/en\/wp-json\/wp\/v2\/comments?post=108970"}],"version-history":[{"count":3,"href":"https:\/\/www.lobeco.de\/en\/wp-json\/wp\/v2\/pages\/108970\/revisions"}],"predecessor-version":[{"id":109057,"href":"https:\/\/www.lobeco.de\/en\/wp-json\/wp\/v2\/pages\/108970\/revisions\/109057"}],"wp:featuredmedia":[{"embeddable":true,"href":"https:\/\/www.lobeco.de\/en\/wp-json\/wp\/v2\/media\/109042"}],"wp:attachment":[{"href":"https:\/\/www.lobeco.de\/en\/wp-json\/wp\/v2\/media?parent=108970"}],"curies":[{"name":"wp","href":"https:\/\/api.w.org\/{rel}","templated":true}]}}